{"id":1036,"date":"2017-06-05T22:02:53","date_gmt":"2017-06-05T20:02:53","guid":{"rendered":"http:\/\/www.tvniederbueren.ch\/tvn\/wp\/?page_id=1036"},"modified":"2023-07-17T21:12:39","modified_gmt":"2023-07-17T19:12:39","slug":"kinderturnen","status":"publish","type":"page","link":"http:\/\/www.tvniederbueren.ch\/tvn\/wp\/?page_id=1036","title":{"rendered":"Kinderturnen"},"content":{"rendered":"<p>F\u00fcr unsere Kleinen, welche zu jung f\u00fcr die Jugendriege sind, bieten wir neu das Kinderturnen an. Es soll Kindern vor dem Schulalter die M\u00f6glichkeit geben gemeinsam Sport zu treiben.<\/p>\n<p>Vielseitige, abwechslungsreiche Turnstunden sowie\u00a0interessante und lustige Aktivit\u00e4ten nebst dem ordentlichen Turnbetrieb wird das KITU Niederb\u00fcren auszeichnen.<\/p>\n<p>Bei Interesse bitte melden. Wir freuen uns auf viele Teilnehmerinnen und Teilnehmer.<\/p>\n<p><a href=\"http:\/\/www.tvniederbueren.ch\/tvn\/wp\/wp-content\/uploads\/2017\/06\/KITU.jpg\" rel=\"lightbox[1036]\"><img loading=\"lazy\" decoding=\"async\" class=\"aligncenter wp-image-1039 size-medium\" src=\"http:\/\/www.tvniederbueren.ch\/tvn\/wp\/wp-content\/uploads\/2017\/06\/KITU-300x149.jpg\" alt=\"KITU\" width=\"300\" height=\"149\" srcset=\"http:\/\/www.tvniederbueren.ch\/tvn\/wp\/wp-content\/uploads\/2017\/06\/KITU-300x149.jpg 300w, http:\/\/www.tvniederbueren.ch\/tvn\/wp\/wp-content\/uploads\/2017\/06\/KITU.jpg 458w\" sizes=\"auto, (max-width: 300px) 100vw, 300px\" \/><\/a><\/p>\n<hr \/>\n<p><strong>Schwerpunkt<br \/>\n<\/strong>vielseitige, interessante und lustige Turnstunden mit viel Spiel\u00a0und Spass<strong><br \/>\n<\/strong><\/p>\n<hr \/>\n<p><strong>Training<br \/>\n<\/strong>Donnerstag,\u00a017.00 Uhr \u2013\u00a018.00 Uhr in der Turnhalle Niederb\u00fcren<\/p>\n<hr \/>\n<p><strong>Leitung<br \/>\n<\/strong>Bettina Brunner<br \/>\nNadia Br\u00fchwiler<\/p>\n<p>kitu(at)tvniederbueren.ch<\/p>\n","protected":false},"excerpt":{"rendered":"<p>F\u00fcr unsere Kleinen, welche zu jung f\u00fcr die Jugendriege sind, bieten wir neu das Kinderturnen an. Es soll Kindern vor dem Schulalter die M\u00f6glichkeit geben gemeinsam Sport zu treiben. Vielseitige, abwechslungsreiche Turnstunden sowie\u00a0interessante und lustige Aktivit\u00e4ten nebst dem ordentlichen Turnbetrieb &hellip; <a href=\"http:\/\/www.tvniederbueren.ch\/tvn\/wp\/?page_id=1036\">Weiterlesen <span class=\"meta-nav\">&rarr;<\/span><\/a><\/p>\n","protected":false},"author":6,"featured_media":0,"parent":6,"menu_order":5,"comment_status":"open","ping_status":"open","template":"","meta":{"footnotes":""},"class_list":["post-1036","page","type-page","status-publish","hentry"],"_links":{"self":[{"href":"http:\/\/www.tvniederbueren.ch\/tvn\/wp\/index.php?rest_route=\/wp\/v2\/pages\/1036","targetHints":{"allow":["GET"]}}],"collection":[{"href":"http:\/\/www.tvniederbueren.ch\/tvn\/wp\/index.php?rest_route=\/wp\/v2\/pages"}],"about":[{"href":"http:\/\/www.tvniederbueren.ch\/tvn\/wp\/index.php?rest_route=\/wp\/v2\/types\/page"}],"author":[{"embeddable":true,"href":"http:\/\/www.tvniederbueren.ch\/tvn\/wp\/index.php?rest_route=\/wp\/v2\/users\/6"}],"replies":[{"embeddable":true,"href":"http:\/\/www.tvniederbueren.ch\/tvn\/wp\/index.php?rest_route=%2Fwp%2Fv2%2Fcomments&post=1036"}],"version-history":[{"count":1,"href":"http:\/\/www.tvniederbueren.ch\/tvn\/wp\/index.php?rest_route=\/wp\/v2\/pages\/1036\/revisions"}],"predecessor-version":[{"id":2802,"href":"http:\/\/www.tvniederbueren.ch\/tvn\/wp\/index.php?rest_route=\/wp\/v2\/pages\/1036\/revisions\/2802"}],"up":[{"embeddable":true,"href":"http:\/\/www.tvniederbueren.ch\/tvn\/wp\/index.php?rest_route=\/wp\/v2\/pages\/6"}],"wp:attachment":[{"href":"http:\/\/www.tvniederbueren.ch\/tvn\/wp\/index.php?rest_route=%2Fwp%2Fv2%2Fmedia&parent=1036"}],"curies":[{"name":"wp","href":"https:\/\/api.w.org\/{rel}","templated":true}]}}