{"id":33,"date":"2015-05-02T15:13:18","date_gmt":"2015-05-02T13:13:18","guid":{"rendered":"http:\/\/new.tvniederbueren.ch\/tvn\/wp\/?page_id=33"},"modified":"2026-01-12T20:21:48","modified_gmt":"2026-01-12T18:21:48","slug":"geschichte","status":"publish","type":"page","link":"https:\/\/www.tvniederbueren.ch\/tvn\/wp\/?page_id=33","title":{"rendered":"Geschichte"},"content":{"rendered":"<p style=\"text-align: justify;\"><strong>Turnverein Niederb\u00fcren &#8211;\u00a0ein Verein mit Geschichte!<\/strong><\/p>\n<p style=\"text-align: justify;\">Der Turnverein Niederb\u00fcren, ein junger und dynamischer Verein aus der Ostschweiz mit einer grossen Begeisterung f\u00fcr das Turnen, z\u00e4hlt aktuell 70 Mitglieder. Rund\u00a035\u00a0Turner\u00adinnen und Turner treffen sich regelm\u00e4ssig zum w\u00f6chentlichen Training in der Turnhalle Niederb\u00fcren. Nicht alles dreht sich beim TV Niederb\u00fcren um den Sport, denn auch das Gesellige kommt nicht zu kurz!<\/p>\n<p style=\"text-align: justify;\">Im Jahr 1951, also vor 75 Jahren, wurde der TV Niederb\u00fcren von Initianten der Jungmannschaft gegr\u00fcndet. Der damalige Pr\u00e4sident des OKTSV (heute Sport Union Ostschweiz), Herr Dr. Kurt Furgler, leitete die Gr\u00fcnderversammlung.<\/p>\n<p style=\"text-align: left;\">Anfangs trainierten nur wenige Vereins\u00admitglieder in einem alten Sticklokal, doch in kurzer Zeit konnte die Turnhalle der Schulge\u00admeinde f\u00fcr die Turnstunden verwendet wer\u00adden. Die ersten Turnkenntnisse gewann der TV Niederb\u00fcren durch die grosse Unterst\u00fctzung von Mitgliedern vom KTV\u00a0Edelweiss Niederuzwil.<\/p>\n<p style=\"text-align: left;\">Die F\u00f6rderung der Jugend war und ist ein wichtiger Punkt im Verein. 1960 gr\u00fcndete der Turnverein die Knabenjugi. Die M\u00e4dchenriege wurde 1976 den Turnerinnen unterstellt und gemeinsam mit den Leichtathletinnen (heute Damenriege) im Januar 1982 dem Turnverein angegliedert. Derzeit bietet der TVN f\u00fcr rund 70 Jugikinder spannenende und lehrreiche Turnstunden mit ausgebildeten Leitern an. Die Jugendriege Niederb\u00fcren umfasst je zwei M\u00e4dchen- und Knabengruppen.<\/p>\n<p style=\"text-align: left;\">Im Jubil\u00e4umsjahr 2001 geh\u00f6rte die Anschaffung der neuen Vereinsfahne zum H\u00f6he\u00adpunkt des Jubil\u00e4ums &#8222;50 Jahre TV Niederb\u00fcren&#8220;. Die erste Vereinsfahne, welche 1966 angeschafft wurde, beglei\u00adtete den Verein an viele Anl\u00e4sse und dies bis zum grossen Jubil\u00e4um im Jahr 2001.<\/p>\n<p style=\"text-align: justify;\"><em>Ein kurzer R\u00fcckblick auf die letzten Jahren verspricht von einem originellen, engagierten und interessanten Turnverein:<\/em><\/p>\n<p style=\"text-align: left;\">2016 &#8211; Zum Aufklang des Jahres zeigte sich der TV Niederb\u00fcren am Turnfest in Andwil im blauen statt orangen Vereinstrainer. Am zweiten Sportfest in Gams holten sich die Niederb\u00fcrer Sprinterinnen den dritten Rang in der Stafette. Die M\u00e4nner zeigten ihr K\u00f6nnen am Turnfest in Sonterswil.<a href=\"http:\/\/www.tvniederbueren.ch\/tvn\/wp\/wp-content\/uploads\/2016\/08\/cropped-9X4A30821.jpg\" rel=\"lightbox[33]\"><img loading=\"lazy\" decoding=\"async\" class=\"aligncenter size-medium wp-image-795\" src=\"http:\/\/www.tvniederbueren.ch\/tvn\/wp\/wp-content\/uploads\/2016\/08\/cropped-9X4A30821-300x144.jpg\" alt=\"\" width=\"300\" height=\"144\" srcset=\"https:\/\/www.tvniederbueren.ch\/tvn\/wp\/wp-content\/uploads\/2016\/08\/cropped-9X4A30821-300x144.jpg 300w, https:\/\/www.tvniederbueren.ch\/tvn\/wp\/wp-content\/uploads\/2016\/08\/cropped-9X4A30821-500x240.jpg 500w, https:\/\/www.tvniederbueren.ch\/tvn\/wp\/wp-content\/uploads\/2016\/08\/cropped-9X4A30821.jpg 1000w\" sizes=\"auto, (max-width: 300px) 100vw, 300px\" \/><\/a>Die Vereinsreise f\u00fchrte die Turner ins Tessin, wo die kleine Wanderung doch eher zu einer Bergtour wurde. Das grosse Highlight in diesem Jahr war der Unterhaltungsabend, der unter dem Motto \u00abWerbepause\u00bb stand.<\/p>\n<p>2017 &#8211; Das Turnerjahr begann mit dem Skiweekend in Scuol. Turnerische Erfolge feierte der Turnverein an den Sportfesten in Montlingen und in D\u00fcdingen, wo die M\u00e4nner den 1. Rang im Reck feiern konnten. Die Damen sorgten f\u00fcr einen weiteren Sieg f\u00fcr den bestabsolviertesten Fachtest Allround am Turnfest in Wattwil. Nebst den sportlichen Bestleistungen kam auch der gesellige Teil nicht zu kurz, wie etwa der versuchte Ausbruch aus dem Escape-Room, Paintball oder dem Chlausabend.<\/p>\n<p>2018 &#8211; Als Vorbereitung auf die Turnfestsaison holten sich die Turner\/innen den letzten Feinschliff im Trainingsweekend in Malters. Am Sportfest im Luzerner Hinterland zeigte die Damenriege zum ersten Mal die neu einstudierte Gymnastiknummer. Weiter turnten die Niederb\u00fcrer in Romanshorn sowie in M\u00fcnchenbuchsee.<br \/>\u00abIch bin ein Turner- holt ich mich hier raus!\u00bb lautete das Motto am diesj\u00e4hrigen Unterhaltungsabend.<\/p>\n<p>2019 &#8211; Martin Husistein \u00fcbergab das Amt als Pr\u00e4sident an Adrian Zingg.<br \/>Am Wintersportfest in der Klewenalp zeigten die Turner f\u00fcr einmal ihr K\u00f6nnen auf dem Schnee statt in der Turnhalle.<a href=\"http:\/\/www.tvniederbueren.ch\/tvn\/wp\/wp-content\/uploads\/2021\/01\/P1000149-scaled.jpg\" rel=\"lightbox[33]\"><img loading=\"lazy\" decoding=\"async\" class=\"alignright  wp-image-2133\" src=\"http:\/\/www.tvniederbueren.ch\/tvn\/wp\/wp-content\/uploads\/2021\/01\/P1000149-300x225.jpg\" alt=\"\" width=\"252\" height=\"191\" \/><\/a><br \/>Das grosse Highlight in diesem Jahr war der Jugitag, welcher in Niederb\u00fcren stattfand. Dank dem grossem Engagement des OKs und allen Helfern konnte ein toller Anlass f\u00fcr den Nachwuchs auf die Beine gestellt werden. Nebst den beiden Sportfestern in Tr\u00fcllikon und H\u00e4ggenschwil fand dieses Jahr auch wieder das Plauschturnfest in Grossdietwil statt, welches f\u00fcr alle Teilnehmer wieder ein grosser Spass war.<\/p>\n<p>2020 &#8211;\u00a0 Das Turnerjahr startete mit dem Skiweekend, welches die Mitglieder nach Obersaxen f\u00fchrte.<br \/>Auf die sportlichen H\u00f6hepunkte, wie die beiden Turnfeste, sowie die beliebten Unterhaltungsabende, verzichteten die Turnerinnen und Turner auf Grund Covid19. Vereinsaktivit\u00e4ten wie beispielsweise das Sommerprogramm mit Minigolfplausch im Freizeitpark oder der Vereinsreise im August im Glarnerland sorgten f\u00fcr gem\u00fctliche Momente zwischen den Vereinsmitgliedern.<\/p>\n<p>2021 &#8211; 75 Jahre Turnverein Niederb\u00fcren &#8211; dies wurde mit dem Jubil\u00e4umsanlass gefeiert. Mit mehr oder weniger Ehrgeiz k\u00e4mpften die Gruppen um den Pokal. Beim anschliessenden Beisammensein sorgten Geschichten der vergangenen Turnfester oder anderen Vereinsanl\u00e4ssen f\u00fcr viele Lacher.<\/p>\n<p>2022 &#8211; Zu beginn des Jahres zogen die Turnerinnen und Turner ihre Schw\u00fcnge im Schnee und klopften den einen oder anderen Jass w\u00e4hrend dem Skiweekend in der Lenzerheide. Nach zwei Jahren konnte die Mitglieder wieder ihr turnerisches K\u00f6nnen an den Turnfesten in Niederhelfenschwil und Balgach zeigen. Schlag auf Schlag ging es nach dem Sommerprogramm mit dem Proben der Unterhaltungsabenden weiter. Unter dem Motto &#8222;Hallenstadion &#8211; Best of&#8220; pr\u00e4sentierte der Turnverein dem Publikum eine abwechslungsreiche und am\u00fcsante Show.\u00a0<\/p>\n<p>2023 &#8211; In Arosa startete das Turnerjahr mit dem traditionellen Skiweekend. Den letzten Feinschliff f\u00fcr die Turnfestsaison holte sich der Turnverein am Trainingsweekend in Appenzell. Die Damenriege pr\u00e4sentierte am Fiirobigcup erstmals ihre neu einstudierte Aerobicnummer. Zudem turnten die Niederb\u00fcrer an den Turnfesten in Oberriet sowie in Zuzwil. F\u00fcr gem\u00fctliche Stunden unter den Vereinskameradinnen und Vereinskameraden sorgten die Sommeranl\u00e4sse sowie die Vereinsreise mit Ross und Wagen.<br \/>Ende Jahr verk\u00fcndete der TV Niederb\u00fcren mit grosser Vorfreude den Entscheid \u00fcber die Durchf\u00fchrung des Sportfests 2025.<\/p>\n<p>2024\u00a0\u2013 Traditionell startete das Turnerjahr mit dem Skiweekend. Mit dem Sportfest in W\u00fcnnewil, dem Turnfest in Belp, dem abwechslungsreichen Sommerprogramm sowie der Vereinsreise reihte sich ein Highlight an das n\u00e4chste. Den kr\u00f6nenden Abschluss bildete im November der Unterhaltungsabend, bei dem es hiess: <em data-start=\"418\" data-end=\"432\">Vorhang auf!<\/em> Turnerinnen, Turner und der Nachwuchs begeisterten das Publikum mit einer eindrucksvollen Show unter dem Motto \u00abMiles and More\u00bb.<\/p>\n<p data-start=\"113\" data-end=\"517\">2025 &#8211; Das Jahr 2025 stand ganz im Zeichen des Sportfests in Niederb\u00fcren, das vom 6. bis 8. Juni stattfand und rund 1300 Turnerinnen und Turner aus der ganzen Schweiz anzog. Das Wochenende war gepr\u00e4gt von spannenden Wettk\u00e4mpfen, mitreissender Live-Musik an der Turnerparty und einem stimmungsvollen Festabschluss mit der Pfingstparty. Ein Sportfest, das noch lange in Erinnerung bleiben wird.<br \/>Doch auch gesellige Anl\u00e4sse wie das Skiweekend, actionreiches Paintball-Spiel, das traditionelle Wurstbraten oder die Vereinsreise sorgten f\u00fcr viel Freude und wertvolle gemeinsame Erinnerungen.<br \/>Mit Stolz blickt der TV Niederb\u00fcren auf ein ereignisreiches Jahr zur\u00fcck, gepr\u00e4gt von sportlichem Einsatz, starkem Zusammenhalt und unvergesslichen Erlebnissen.<\/p>\n\n<div class=\"wp-block-image\">\n<figure class=\"aligncenter size-medium\"><a href=\"https:\/\/www.tvniederbueren.ch\/tvn\/wp\/wp-content\/uploads\/2026\/01\/1G4A1631-scaled.jpg\" rel=\"lightbox[33]\"><img loading=\"lazy\" decoding=\"async\" width=\"300\" height=\"200\" src=\"https:\/\/www.tvniederbueren.ch\/tvn\/wp\/wp-content\/uploads\/2026\/01\/1G4A1631-300x200.jpg\" alt=\"\" class=\"wp-image-3513\" srcset=\"https:\/\/www.tvniederbueren.ch\/tvn\/wp\/wp-content\/uploads\/2026\/01\/1G4A1631-300x200.jpg 300w, https:\/\/www.tvniederbueren.ch\/tvn\/wp\/wp-content\/uploads\/2026\/01\/1G4A1631-1024x683.jpg 1024w, https:\/\/www.tvniederbueren.ch\/tvn\/wp\/wp-content\/uploads\/2026\/01\/1G4A1631-768x512.jpg 768w, https:\/\/www.tvniederbueren.ch\/tvn\/wp\/wp-content\/uploads\/2026\/01\/1G4A1631-1536x1024.jpg 1536w, https:\/\/www.tvniederbueren.ch\/tvn\/wp\/wp-content\/uploads\/2026\/01\/1G4A1631-2048x1365.jpg 2048w, https:\/\/www.tvniederbueren.ch\/tvn\/wp\/wp-content\/uploads\/2026\/01\/1G4A1631-450x300.jpg 450w\" sizes=\"auto, (max-width: 300px) 100vw, 300px\" \/><\/a><\/figure>\n<\/div>","protected":false},"excerpt":{"rendered":"<p>Turnverein Niederb\u00fcren &#8211;\u00a0ein Verein mit Geschichte! Der Turnverein Niederb\u00fcren, ein junger und dynamischer Verein aus der Ostschweiz mit einer grossen Begeisterung f\u00fcr das Turnen, z\u00e4hlt aktuell 70 Mitglieder. Rund\u00a035\u00a0Turner\u00adinnen und Turner treffen sich regelm\u00e4ssig zum w\u00f6chentlichen Training in der Turnhalle &hellip; <a href=\"https:\/\/www.tvniederbueren.ch\/tvn\/wp\/?page_id=33\">Weiterlesen <span class=\"meta-nav\">&rarr;<\/span><\/a><\/p>\n","protected":false},"author":6,"featured_media":0,"parent":0,"menu_order":2,"comment_status":"closed","ping_status":"open","template":"","meta":{"footnotes":""},"class_list":["post-33","page","type-page","status-publish","hentry"],"_links":{"self":[{"href":"https:\/\/www.tvniederbueren.ch\/tvn\/wp\/index.php?rest_route=\/wp\/v2\/pages\/33","targetHints":{"allow":["GET"]}}],"collection":[{"href":"https:\/\/www.tvniederbueren.ch\/tvn\/wp\/index.php?rest_route=\/wp\/v2\/pages"}],"about":[{"href":"https:\/\/www.tvniederbueren.ch\/tvn\/wp\/index.php?rest_route=\/wp\/v2\/types\/page"}],"author":[{"embeddable":true,"href":"https:\/\/www.tvniederbueren.ch\/tvn\/wp\/index.php?rest_route=\/wp\/v2\/users\/6"}],"replies":[{"embeddable":true,"href":"https:\/\/www.tvniederbueren.ch\/tvn\/wp\/index.php?rest_route=%2Fwp%2Fv2%2Fcomments&post=33"}],"version-history":[{"count":11,"href":"https:\/\/www.tvniederbueren.ch\/tvn\/wp\/index.php?rest_route=\/wp\/v2\/pages\/33\/revisions"}],"predecessor-version":[{"id":3514,"href":"https:\/\/www.tvniederbueren.ch\/tvn\/wp\/index.php?rest_route=\/wp\/v2\/pages\/33\/revisions\/3514"}],"wp:attachment":[{"href":"https:\/\/www.tvniederbueren.ch\/tvn\/wp\/index.php?rest_route=%2Fwp%2Fv2%2Fmedia&parent=33"}],"curies":[{"name":"wp","href":"https:\/\/api.w.org\/{rel}","templated":true}]}}