{"id":6,"date":"2015-04-27T16:51:13","date_gmt":"2015-04-27T16:51:13","guid":{"rendered":"http:\/\/new.tvniederbueren.ch\/tvn\/wp\/?page_id=6"},"modified":"2019-02-18T21:12:14","modified_gmt":"2019-02-18T19:12:14","slug":"riegen","status":"publish","type":"page","link":"https:\/\/www.tvniederbueren.ch\/tvn\/wp\/?page_id=6","title":{"rendered":"Riegen"},"content":{"rendered":"<p>Der Turnverein Niederb\u00fcren ist ein Breitensportverein f\u00fcr Jung und Alt. Ob Mann, Frau oder Kind &#8211; f\u00fcr jeden haben wir die passende Riege:<\/p>\n<p><a href=\"http:\/\/new.tvniederbueren.ch\/tvn\/wp\/?page_id=24\">Aktivriege<\/a><br \/>\n<a href=\"http:\/\/new.tvniederbueren.ch\/tvn\/wp\/?page_id=8\">Damenriege<\/a><br \/>\n<a href=\"http:\/\/new.tvniederbueren.ch\/tvn\/wp\/?page_id=26\">Jugendriege<\/a><br \/>\n<a href=\"http:\/\/www.tvniederbueren.ch\/tvn\/wp\/?page_id=1036\">Kinderturnen<\/a><\/p>\n<p>Hast\u00a0DU ebenfalls Lust mit uns mitzuturnen, dann komm unverbindlich zu einer Turnlektion vorbei! \u00dcber neue Gesichter\u00a0freut sich jede\u00a0Riege!<\/p>\n<p>Mehr Informationen zur einzelnen Riege sind auf den entsprechenden Links zu finden.<\/p>\n","protected":false},"excerpt":{"rendered":"<p>Der Turnverein Niederb\u00fcren ist ein Breitensportverein f\u00fcr Jung und Alt. Ob Mann, Frau oder Kind &#8211; f\u00fcr jeden haben wir die passende Riege: Aktivriege Damenriege Jugendriege Kinderturnen Hast\u00a0DU ebenfalls Lust mit uns mitzuturnen, dann komm unverbindlich zu einer Turnlektion vorbei! &hellip; <a href=\"https:\/\/www.tvniederbueren.ch\/tvn\/wp\/?page_id=6\">Weiterlesen <span class=\"meta-nav\">&rarr;<\/span><\/a><\/p>\n","protected":false},"author":2,"featured_media":0,"parent":0,"menu_order":0,"comment_status":"closed","ping_status":"open","template":"","meta":{"footnotes":""},"class_list":["post-6","page","type-page","status-publish","hentry"],"_links":{"self":[{"href":"https:\/\/www.tvniederbueren.ch\/tvn\/wp\/index.php?rest_route=\/wp\/v2\/pages\/6","targetHints":{"allow":["GET"]}}],"collection":[{"href":"https:\/\/www.tvniederbueren.ch\/tvn\/wp\/index.php?rest_route=\/wp\/v2\/pages"}],"about":[{"href":"https:\/\/www.tvniederbueren.ch\/tvn\/wp\/index.php?rest_route=\/wp\/v2\/types\/page"}],"author":[{"embeddable":true,"href":"https:\/\/www.tvniederbueren.ch\/tvn\/wp\/index.php?rest_route=\/wp\/v2\/users\/2"}],"replies":[{"embeddable":true,"href":"https:\/\/www.tvniederbueren.ch\/tvn\/wp\/index.php?rest_route=%2Fwp%2Fv2%2Fcomments&post=6"}],"version-history":[{"count":0,"href":"https:\/\/www.tvniederbueren.ch\/tvn\/wp\/index.php?rest_route=\/wp\/v2\/pages\/6\/revisions"}],"wp:attachment":[{"href":"https:\/\/www.tvniederbueren.ch\/tvn\/wp\/index.php?rest_route=%2Fwp%2Fv2%2Fmedia&parent=6"}],"curies":[{"name":"wp","href":"https:\/\/api.w.org\/{rel}","templated":true}]}}