{"id":626,"date":"2016-01-24T20:05:11","date_gmt":"2016-01-24T18:05:11","guid":{"rendered":"http:\/\/www.tvniederbueren.ch\/tvn\/wp\/?page_id=626"},"modified":"2026-04-07T15:41:52","modified_gmt":"2026-04-07T13:41:52","slug":"jahresprogramm","status":"publish","type":"page","link":"https:\/\/www.tvniederbueren.ch\/tvn\/wp\/?page_id=626","title":{"rendered":"Jahresprogramm 2026"},"content":{"rendered":"\n<p class=\"has-text-align-center\"><\/p>\n\n\n\n<figure class=\"wp-block-table\"><table><tbody><tr><td><strong>Datum<\/strong><\/td><td><strong>Anlass<\/strong><\/td><td><strong>Organisator<\/strong><\/td><\/tr><tr><td>16.01.<\/td><td>Hauptversammlung 2026<\/td><td>Pr\u00e4sident<\/td><\/tr><tr><td>23.-25.01.<\/td><td>Skiweekend Montafon<\/td><td>Karin &amp; Nadja<\/td><\/tr><tr><td>27.02.<\/td><td>Luftgewehrcup Sch\u00fctzenverein NB<\/td><td>Pr\u00e4sident<\/td><\/tr><tr><td>13.03.<\/td><td>Unterst\u00fctzung Raiffeisen GV<\/td><td>Pr\u00e4sident<\/td><\/tr><tr><td>20.03.<\/td><td>Vereinsmeisterschaft Herren<\/td><td>Oberturner<\/td><\/tr><tr><td>01.05.<\/td><td>Fiirobigcup Engelburg<\/td><td>Oberturner\/-in<\/td><\/tr><tr><td>03.05.<\/td><td>Maibummel Damen<\/td><td>Lia &amp; Milena<\/td><\/tr><tr><td>10.05.<\/td><td>Schn\u00e4llst Niederb\u00fcrer<\/td><td>Jugichef<\/td><\/tr><tr><td>16.-17.05.<\/td><td>Landesturnfest Konstanz<\/td><td>Oberturner\/-in<\/td><\/tr><tr><td>12.-14.06.<\/td><td>Sportfest Sarnen<\/td><td>Oberturner\/-in<\/td><\/tr><tr><td>26.06.<\/td><td>Velotour Herren<\/td><td>Karl<\/td><\/tr><tr><td>04.07.-09.08.<\/td><td>Sommerprogramm<\/td><td>Oberturner\/-in<\/td><\/tr><tr><td>08.08.<\/td><td>Wurstbraten bei Schlauri&#8217;s<\/td><td>Andrea &amp; Ricco<\/td><\/tr><tr><td>20.-23.08.<\/td><td>155 Jahre TV Bischofszell<\/td><td><\/td><\/tr><tr><td>22.23.08.<\/td><td>85 Jahre TV Cervus Andwil-Arnegg<\/td><td><\/td><\/tr><tr><td>29.-30.08.<\/td><td>Vereinsreise<\/td><td>Ren\u00e9 &amp; Matthias<\/td><\/tr><tr><td>04.09.<\/td><td>Unihockeyturnier TVN\/M\u00e4nnerriege\/Musik<\/td><td>Pr\u00e4sident<\/td><\/tr><tr><td>12.09.<\/td><td>Hochzeit Sabrina &amp; Christoph<\/td><td>Vorstand<\/td><\/tr><tr><td>19.11.<\/td><td>Hauptprobe Unterhaltungsabend<\/td><td>Pr\u00e4sident<\/td><\/tr><tr><td>21.11.<\/td><td>Kinder- &amp; Seniorenvorstellung<\/td><td>Pr\u00e4sident<\/td><\/tr><tr><td>21.11.<\/td><td>Unterhaltungsabend <\/td><td>Pr\u00e4sident<\/td><\/tr><tr><td>27.11.<\/td><td>Unterhaltungsabend<\/td><td>Pr\u00e4sident<\/td><\/tr><tr><td>28.11.<\/td><td>Unterhaltungsabend<\/td><td>Pr\u00e4sident<\/td><\/tr><tr><td>04.12.<\/td><td>Chlausabend<\/td><td>Roman &amp; Remo<\/td><\/tr><tr><td>&nbsp;<\/td><td><strong>2027<\/strong><\/td><td>&nbsp;<\/td><\/tr><tr><td>22.01.<\/td><td>Hauptversammlung 2027<\/td><td>Pr\u00e4sident<\/td><\/tr><tr><td>29.-31.01.<\/td><td>Skiwochenende<\/td><td>Jordi<\/td><\/tr><\/tbody><\/table><\/figure>\n\n\n","protected":false},"excerpt":{"rendered":"<p>Datum Anlass Organisator 16.01. Hauptversammlung 2026 Pr\u00e4sident 23.-25.01. Skiweekend Montafon Karin &amp; Nadja 27.02. Luftgewehrcup Sch\u00fctzenverein NB Pr\u00e4sident 13.03. Unterst\u00fctzung Raiffeisen GV Pr\u00e4sident 20.03. Vereinsmeisterschaft Herren Oberturner 01.05. Fiirobigcup Engelburg Oberturner\/-in 03.05. Maibummel Damen Lia &amp; Milena 10.05. Schn\u00e4llst Niederb\u00fcrer &hellip; <a href=\"https:\/\/www.tvniederbueren.ch\/tvn\/wp\/?page_id=626\">Weiterlesen <span class=\"meta-nav\">&rarr;<\/span><\/a><\/p>\n","protected":false},"author":6,"featured_media":0,"parent":0,"menu_order":5,"comment_status":"open","ping_status":"open","template":"","meta":{"footnotes":""},"class_list":["post-626","page","type-page","status-publish","hentry"],"_links":{"self":[{"href":"https:\/\/www.tvniederbueren.ch\/tvn\/wp\/index.php?rest_route=\/wp\/v2\/pages\/626","targetHints":{"allow":["GET"]}}],"collection":[{"href":"https:\/\/www.tvniederbueren.ch\/tvn\/wp\/index.php?rest_route=\/wp\/v2\/pages"}],"about":[{"href":"https:\/\/www.tvniederbueren.ch\/tvn\/wp\/index.php?rest_route=\/wp\/v2\/types\/page"}],"author":[{"embeddable":true,"href":"https:\/\/www.tvniederbueren.ch\/tvn\/wp\/index.php?rest_route=\/wp\/v2\/users\/6"}],"replies":[{"embeddable":true,"href":"https:\/\/www.tvniederbueren.ch\/tvn\/wp\/index.php?rest_route=%2Fwp%2Fv2%2Fcomments&post=626"}],"version-history":[{"count":41,"href":"https:\/\/www.tvniederbueren.ch\/tvn\/wp\/index.php?rest_route=\/wp\/v2\/pages\/626\/revisions"}],"predecessor-version":[{"id":3587,"href":"https:\/\/www.tvniederbueren.ch\/tvn\/wp\/index.php?rest_route=\/wp\/v2\/pages\/626\/revisions\/3587"}],"wp:attachment":[{"href":"https:\/\/www.tvniederbueren.ch\/tvn\/wp\/index.php?rest_route=%2Fwp%2Fv2%2Fmedia&parent=626"}],"curies":[{"name":"wp","href":"https:\/\/api.w.org\/{rel}","templated":true}]}}