{"id":8,"date":"2015-04-27T16:51:47","date_gmt":"2015-04-27T16:51:47","guid":{"rendered":"http:\/\/new.tvniederbueren.ch\/tvn\/wp\/?page_id=8"},"modified":"2026-02-05T23:47:10","modified_gmt":"2026-02-05T21:47:10","slug":"damenriege","status":"publish","type":"page","link":"https:\/\/www.tvniederbueren.ch\/tvn\/wp\/?page_id=8","title":{"rendered":"Damenriege"},"content":{"rendered":"<p>Unsere ehrgeizigen polysportiven Ladys sind im Alter zwischen 15 und \u00dc35 und offen f\u00fcr vieles, was Sie ins Schwitzen bringt. Ob\u00a0Aerobic, Krafttraining,\u00a0Fussball, Leichtathletik oder\u00a0Konditionsl\u00e4ufe &#8211; unsere\u00a0Damenriege ist dabei!<\/p>\n<p>Nebst den sportlichen Zielen, welche besonders um die Turnfestzeit (Fr\u00fchjahr) verfolgt werden, geniessen wir den Zusammenhalt und das Gesellschaftliche im Verein. Die Damenriege f\u00f6rdert dies mit gem\u00fctlichen Anl\u00e4ssen wie einem Maibummel oder Velotour.<a href=\"http:\/\/www.tvniederbueren.ch\/tvn\/wp\/wp-content\/uploads\/2025\/08\/1G4A5506-scaled.jpg\" rel=\"lightbox[8]\"><img loading=\"lazy\" decoding=\"async\" class=\"wp-image-3422 size-thumbnail aligncenter\" src=\"http:\/\/www.tvniederbueren.ch\/tvn\/wp\/wp-content\/uploads\/2025\/08\/1G4A5506-150x150.jpg\" alt=\"\" width=\"150\" height=\"150\" \/><\/a><\/p>\n<hr \/>\n<h4><strong>Schwerpunkt<br \/>\n<\/strong>Aerobic, Kr\u00e4ftigung, Kondition, Ger\u00e4te, und Spiele<\/h4>\n<hr \/>\n<p><strong>Training 1<br \/>\n<\/strong>Donnerstag, 20.30 Uhr \u2013 22.00 Uhr in der Turnhalle Niederb\u00fcren<\/p>\n<hr \/>\n<p><strong>Oberturnerin<br \/>\n<\/strong>Carmen Signer<br \/>\noberturnerin(at)tvniederbueren.ch<\/p>\n<hr \/>\n<p><strong>Hilfsleiter<br \/>\n<\/strong>Nadja Signer<br \/>\nJanine Zehnder<br \/>\nSabrina Wagner<br \/>\nKatrin Wagner<\/p>\n","protected":false},"excerpt":{"rendered":"<p>Unsere ehrgeizigen polysportiven Ladys sind im Alter zwischen 15 und \u00dc35 und offen f\u00fcr vieles, was Sie ins Schwitzen bringt. Ob\u00a0Aerobic, Krafttraining,\u00a0Fussball, Leichtathletik oder\u00a0Konditionsl\u00e4ufe &#8211; unsere\u00a0Damenriege ist dabei! Nebst den sportlichen Zielen, welche besonders um die Turnfestzeit (Fr\u00fchjahr) verfolgt werden, &hellip; <a href=\"https:\/\/www.tvniederbueren.ch\/tvn\/wp\/?page_id=8\">Weiterlesen <span class=\"meta-nav\">&rarr;<\/span><\/a><\/p>\n","protected":false},"author":2,"featured_media":0,"parent":6,"menu_order":0,"comment_status":"closed","ping_status":"open","template":"","meta":{"footnotes":""},"class_list":["post-8","page","type-page","status-publish","hentry"],"_links":{"self":[{"href":"https:\/\/www.tvniederbueren.ch\/tvn\/wp\/index.php?rest_route=\/wp\/v2\/pages\/8","targetHints":{"allow":["GET"]}}],"collection":[{"href":"https:\/\/www.tvniederbueren.ch\/tvn\/wp\/index.php?rest_route=\/wp\/v2\/pages"}],"about":[{"href":"https:\/\/www.tvniederbueren.ch\/tvn\/wp\/index.php?rest_route=\/wp\/v2\/types\/page"}],"author":[{"embeddable":true,"href":"https:\/\/www.tvniederbueren.ch\/tvn\/wp\/index.php?rest_route=\/wp\/v2\/users\/2"}],"replies":[{"embeddable":true,"href":"https:\/\/www.tvniederbueren.ch\/tvn\/wp\/index.php?rest_route=%2Fwp%2Fv2%2Fcomments&post=8"}],"version-history":[{"count":9,"href":"https:\/\/www.tvniederbueren.ch\/tvn\/wp\/index.php?rest_route=\/wp\/v2\/pages\/8\/revisions"}],"predecessor-version":[{"id":3423,"href":"https:\/\/www.tvniederbueren.ch\/tvn\/wp\/index.php?rest_route=\/wp\/v2\/pages\/8\/revisions\/3423"}],"up":[{"embeddable":true,"href":"https:\/\/www.tvniederbueren.ch\/tvn\/wp\/index.php?rest_route=\/wp\/v2\/pages\/6"}],"wp:attachment":[{"href":"https:\/\/www.tvniederbueren.ch\/tvn\/wp\/index.php?rest_route=%2Fwp%2Fv2%2Fmedia&parent=8"}],"curies":[{"name":"wp","href":"https:\/\/api.w.org\/{rel}","templated":true}]}}